{"id":3998,"date":"2023-09-10T20:08:42","date_gmt":"2023-09-10T18:08:42","guid":{"rendered":"https:\/\/silviaarias.com\/?page_id=3998"},"modified":"2023-09-10T20:42:39","modified_gmt":"2023-09-10T18:42:39","slug":"area-alumnos","status":"publish","type":"page","link":"https:\/\/silviaarias.com\/index.php\/area-alumnos\/","title":{"rendered":"\u00c1REA PRIVADA"},"content":{"rendered":"","protected":true},"excerpt":{"rendered":"","protected":true},"author":2,"featured_media":0,"parent":0,"menu_order":0,"comment_status":"closed","ping_status":"closed","template":"elementor_header_footer","meta":{"footnotes":""},"class_list":["post-3998","page","type-page","status-publish","post-password-required","hentry"],"yoast_head":"<!-- This site is optimized with the Yoast SEO plugin v27.5 - https:\/\/yoast.com\/product\/yoast-seo-wordpress\/ -->\n<title>\u00c1REA PRIVADA &#187; Silvia Arias<\/title>\n<meta name=\"description\" content=\"Apasionada de la gesti\u00f3n comercial y la formaci\u00f3n. Orientada a resultados. Siempre mostr\u00e9 compromiso y transparencia a pesar de los momentos dif\u00edciles en los negocios. Me gusta estar en constante aprendizaje y mejorar cada d\u00eda.\" \/>\n<meta name=\"robots\" content=\"index, follow, max-snippet:-1, max-image-preview:large, max-video-preview:-1\" \/>\n<link rel=\"canonical\" href=\"https:\/\/silviaarias.com\/index.php\/area-alumnos\/\" \/>\n<script type=\"application\/ld+json\" class=\"yoast-schema-graph\">{\"@context\":\"https:\\\/\\\/schema.org\",\"@graph\":[{\"@type\":\"WebPage\",\"@id\":\"https:\\\/\\\/silviaarias.com\\\/index.php\\\/area-alumnos\\\/\",\"url\":\"https:\\\/\\\/silviaarias.com\\\/index.php\\\/area-alumnos\\\/\",\"name\":\"\u00c1REA PRIVADA &#187; Silvia Arias\",\"isPartOf\":{\"@id\":\"https:\\\/\\\/silviaarias.com\\\/#website\"},\"datePublished\":\"2023-09-10T18:08:42+00:00\",\"dateModified\":\"2023-09-10T18:42:39+00:00\",\"breadcrumb\":{\"@id\":\"https:\\\/\\\/silviaarias.com\\\/index.php\\\/area-alumnos\\\/#breadcrumb\"},\"inLanguage\":\"es\"},{\"@type\":\"WebSite\",\"@id\":\"https:\\\/\\\/silviaarias.com\\\/#website\",\"url\":\"https:\\\/\\\/silviaarias.com\\\/\",\"name\":\"Silvia Arias\",\"description\":\"Curriculum Web\",\"publisher\":{\"@id\":\"https:\\\/\\\/silviaarias.com\\\/#\\\/schema\\\/person\\\/bce65b78c5fcd1e181fa4c402af799d1\"},\"potentialAction\":[{\"@type\":\"SearchAction\",\"target\":{\"@type\":\"EntryPoint\",\"urlTemplate\":\"https:\\\/\\\/silviaarias.com\\\/?s={search_term_string}\"},\"query-input\":{\"@type\":\"PropertyValueSpecification\",\"valueRequired\":true,\"valueName\":\"search_term_string\"}}],\"inLanguage\":\"es\"}]}<\/script>\n<!-- \/ Yoast SEO plugin. -->","yoast_head_json":{"title":"\u00c1REA PRIVADA &#187; Silvia Arias","description":"Apasionada de la gesti\u00f3n comercial y la formaci\u00f3n. Orientada a resultados. Siempre mostr\u00e9 compromiso y transparencia a pesar de los momentos dif\u00edciles en los negocios. Me gusta estar en constante aprendizaje y mejorar cada d\u00eda.","robots":{"index":"index","follow":"follow","max-snippet":"max-snippet:-1","max-image-preview":"max-image-preview:large","max-video-preview":"max-video-preview:-1"},"canonical":"https:\/\/silviaarias.com\/index.php\/area-alumnos\/","schema":{"@context":"https:\/\/schema.org","@graph":[{"@type":"WebPage","@id":"https:\/\/silviaarias.com\/index.php\/area-alumnos\/","url":"https:\/\/silviaarias.com\/index.php\/area-alumnos\/","name":"\u00c1REA PRIVADA &#187; Silvia Arias","isPartOf":{"@id":"https:\/\/silviaarias.com\/#website"},"datePublished":"2023-09-10T18:08:42+00:00","dateModified":"2023-09-10T18:42:39+00:00","breadcrumb":{"@id":"https:\/\/silviaarias.com\/index.php\/area-alumnos\/#breadcrumb"},"inLanguage":"es"},{"@type":"WebSite","@id":"https:\/\/silviaarias.com\/#website","url":"https:\/\/silviaarias.com\/","name":"Silvia Arias","description":"Curriculum Web","publisher":{"@id":"https:\/\/silviaarias.com\/#\/schema\/person\/bce65b78c5fcd1e181fa4c402af799d1"},"potentialAction":[{"@type":"SearchAction","target":{"@type":"EntryPoint","urlTemplate":"https:\/\/silviaarias.com\/?s={search_term_string}"},"query-input":{"@type":"PropertyValueSpecification","valueRequired":true,"valueName":"search_term_string"}}],"inLanguage":"es"}]}},"_links":{"self":[{"href":"https:\/\/silviaarias.com\/index.php\/wp-json\/wp\/v2\/pages\/3998","targetHints":{"allow":["GET"]}}],"collection":[{"href":"https:\/\/silviaarias.com\/index.php\/wp-json\/wp\/v2\/pages"}],"about":[{"href":"https:\/\/silviaarias.com\/index.php\/wp-json\/wp\/v2\/types\/page"}],"author":[{"embeddable":true,"href":"https:\/\/silviaarias.com\/index.php\/wp-json\/wp\/v2\/users\/2"}],"replies":[{"embeddable":true,"href":"https:\/\/silviaarias.com\/index.php\/wp-json\/wp\/v2\/comments?post=3998"}],"version-history":[{"count":30,"href":"https:\/\/silviaarias.com\/index.php\/wp-json\/wp\/v2\/pages\/3998\/revisions"}],"predecessor-version":[{"id":4035,"href":"https:\/\/silviaarias.com\/index.php\/wp-json\/wp\/v2\/pages\/3998\/revisions\/4035"}],"wp:attachment":[{"href":"https:\/\/silviaarias.com\/index.php\/wp-json\/wp\/v2\/media?parent=3998"}],"curies":[{"name":"wp","href":"https:\/\/api.w.org\/{rel}","templated":true}]}}