{"id":1847,"date":"2018-12-09T17:40:40","date_gmt":"2018-12-09T17:40:40","guid":{"rendered":"https:\/\/silviaarias.com\/?page_id=1847"},"modified":"2023-09-10T22:04:50","modified_gmt":"2023-09-10T20:04:50","slug":"politica-de-privacidad","status":"publish","type":"page","link":"https:\/\/silviaarias.com\/index.php\/politica-de-privacidad\/","title":{"rendered":"Pol\u00edtica de privacidad"},"content":{"rendered":"\t\t<div data-elementor-type=\"wp-post\" data-elementor-id=\"1847\" class=\"elementor elementor-1847\" data-elementor-post-type=\"page\">\n\t\t\t\t\t\t<section class=\"elementor-section elementor-top-section elementor-element elementor-element-2c1fce2 elementor-section-content-middle elementor-section-boxed elementor-section-height-default elementor-section-height-default\" data-id=\"2c1fce2\" data-element_type=\"section\" data-e-type=\"section\" data-settings=\"{&quot;background_background&quot;:&quot;classic&quot;}\">\n\t\t\t\t\t\t<div class=\"elementor-container elementor-column-gap-no\">\n\t\t\t\t\t<div class=\"elementor-column elementor-col-100 elementor-top-column elementor-element elementor-element-36973c11\" data-id=\"36973c11\" data-element_type=\"column\" data-e-type=\"column\">\n\t\t\t<div class=\"elementor-widget-wrap elementor-element-populated\">\n\t\t\t\t\t\t<div class=\"elementor-element elementor-element-1386a11 elementor-widget elementor-widget-heading\" data-id=\"1386a11\" data-element_type=\"widget\" data-e-type=\"widget\" data-settings=\"{&quot;vlt_wow_animation_name&quot;:&quot;none&quot;}\" data-widget_type=\"heading.default\">\n\t\t\t\t<div class=\"elementor-widget-container\">\n\t\t\t\t\t<h4 class=\"elementor-heading-title elementor-size-default\">Pol\u00edtica de privacidad<\/h4>\t\t\t\t<\/div>\n\t\t\t\t<\/div>\n\t\t\t\t<div class=\"elementor-element elementor-element-12936bac elementor-widget-divider--view-line elementor-widget elementor-widget-divider\" data-id=\"12936bac\" data-element_type=\"widget\" data-e-type=\"widget\" data-settings=\"{&quot;vlt_wow_animation_name&quot;:&quot;none&quot;}\" data-widget_type=\"divider.default\">\n\t\t\t\t<div class=\"elementor-widget-container\">\n\t\t\t\t\t\t\t<div class=\"elementor-divider\">\n\t\t\t<span class=\"elementor-divider-separator\">\n\t\t\t\t\t\t<\/span>\n\t\t<\/div>\n\t\t\t\t\t\t<\/div>\n\t\t\t\t<\/div>\n\t\t\t\t<div class=\"elementor-element elementor-element-546dd89c elementor-widget elementor-widget-text-editor\" data-id=\"546dd89c\" data-element_type=\"widget\" data-e-type=\"widget\" data-settings=\"{&quot;vlt_wow_animation_name&quot;:&quot;none&quot;}\" data-widget_type=\"text-editor.default\">\n\t\t\t\t<div class=\"elementor-widget-container\">\n\t\t\t\t\t\t\t\t\t<header class=\"page-header img-background clearfix\"><div class=\"container\"><div class=\"row\"><div class=\"col-md-12\"><p style=\"text-align: justify;\">En cumplimiento de lo establecido en la RGPD, te informo que tus datos ser\u00e1n tratados en mis ficheros, con la finalidad del mantenimiento y cumplimiento de la relaci\u00f3n con <strong>Silvia Arias<\/strong>, incluyendo el env\u00edo de comunicaciones en el marco de la citada relaci\u00f3n.<\/p><p style=\"text-align: justify;\">As\u00ed mismo informo de que:<\/p><ol style=\"text-align: justify;\"><li>Nunca solicito informaci\u00f3n personal.<\/li><li>Nunca comparto informaci\u00f3n con nadie, excepto imperativo legal o contando con autorizaci\u00f3n expresa del usuario<\/li><li>Nunca uso la informaci\u00f3n para otra finalidad que no sea para la que la he recibido.<\/li><\/ol><p style=\"text-align: justify;\">En cumplimiento de la RGPD puede ejercitar sus derechos ARCO (acceso, rectificaci\u00f3n, cancelaci\u00f3n y oposici\u00f3n) ante\u00a0<strong>Silvia Arias<\/strong>, con direcci\u00f3n en\u00a0<strong>Calle Rosa de Luxemburgo, 1 n\u00ba13 28342 \u2013 Valdemoro (MADRID)<\/strong>, enviando un mail a\u00a0<a href=\"mailto:proyectos@silviaarias.com\" target=\"_blank\" rel=\"noopener\">proyectos@silviaarias.com<\/a>, adjuntando fotocopia de su DNI.<\/p><p style=\"text-align: justify;\">Adem\u00e1s, por la misma v\u00eda puede solicitar la eliminaci\u00f3n total de sus datos, la limitaci\u00f3n de su uso y la portabilidad de los mismos.<\/p><p style=\"text-align: justify;\">El reglamento general de protecci\u00f3n de datos (RGPD) exige que cumpla con los siguientes principios:<\/p><ul style=\"text-align: justify;\"><li>Principio de licitud, lealtad y trasparencia. El tratamiento de los datos por parte de <b>Silvia Arias\u00a0<\/b>s\u00f3lo ser\u00e1 leal y l\u00edcito. Siempre se pedir\u00e1 consentimiento al usuario para usar sus datos.<\/li><li>Principio de limitaci\u00f3n de la finalidad: Los datos enviados por los usurios s\u00f3lo ser\u00e1n utilizados para el fin para los que han sido enviados.<\/li><li>Principio de minimizaci\u00f3n de datos: Los datos solicitados ser\u00e1n los m\u00ednimos para resolver la cuesti\u00f3n planteada por el usuario.<\/li><li>Principio de exactitud y actualidad: Los datos ser\u00e1n precisos y actualizados en todo momento.<\/li><li>Principio de limitaci\u00f3n del plazo de conservaci\u00f3n: Los datos ser\u00e1n mantenidos por Silvia Arias tan s\u00f3lo durante el tiempo necesario para cumplir la finalidad de los mismos, y ser\u00e1n cancelados en cuanto dejen de ser necesarios.<\/li><li>Principio de integridad y confidencialidad: Silvia Arias custodia los datos de manera segura. Los datos recibidos a trav\u00e9s del formulario de contacto se almacenan en los servidores de mi proveedor de hosting (<a href=\"https:\/\/www.namecheap.com\/\">Namecheap<\/a>), cuyos t\u00e9rminos de servicio se puede leer\u00a0<a href=\"https:\/\/www.namecheap.com\/legal\/\" target=\"_blank\" rel=\"noopener\">aqu\u00ed<\/a>.<\/li><\/ul><p style=\"text-align: justify;\">Sus datos ser\u00e1n comunicados a:<\/p><ul style=\"text-align: justify;\"><li>Google analytics: servicio anal\u00edtico web prestado por Google Inc., con domicilio en el 1600 Amphitheatre Parkway, Mountain View (California), CA 94043, Estados Unidos, que lo \u00fanico que hace es analizar el uso que los usuarios hacen la web (ubicaci\u00f3n, tipo de dispositivo utilizado, navegador, idioma, etc)<\/li><li><a href=\"https:\/\/www.namecheap.com\/\">Namecheap<\/a>: proveedor de hosting de<strong>\u00a0Silvia Arias<\/strong>, con domicilio en 4600 E Washington st Suite #305,\u00a0 Phoenix, AZ 85034, Estados Unidos.<\/li><\/ul><p style=\"text-align: justify;\">Seguridad de los datos:<\/p><p style=\"text-align: justify;\"><strong>Silvia Arias<\/strong>\u00a0incluye un certificado SSL (Secure Socket Layer) en su navegaci\u00f3n, de forma que los datos enviados entre la web y el usuario viajan encriptados, lo que puede confirmar por el candado verde a la izquierda de la barra de navegaci\u00f3n.<\/p><h1 class=\"page-title\">\u00a0<\/h1><\/div><\/div><\/div><\/header>\t\t\t\t\t\t\t\t<\/div>\n\t\t\t\t<\/div>\n\t\t\t\t\t<\/div>\n\t\t<\/div>\n\t\t\t\t\t<\/div>\n\t\t<\/section>\n\t\t\t\t<\/div>\n\t\t","protected":false},"excerpt":{"rendered":"<p>Pol\u00edtica de privacidad En cumplimiento de lo establecido en la RGPD, te informo que tus datos ser\u00e1n tratados en mis ficheros, con la finalidad del mantenimiento y cumplimiento de la relaci\u00f3n con Silvia Arias, incluyendo el env\u00edo de comunicaciones en el marco de la citada relaci\u00f3n. As\u00ed mismo informo de que: Nunca solicito informaci\u00f3n personal.<\/p>\n","protected":false},"author":2,"featured_media":0,"parent":0,"menu_order":0,"comment_status":"closed","ping_status":"closed","template":"","meta":{"footnotes":""},"class_list":["post-1847","page","type-page","status-publish","hentry"],"yoast_head":"<!-- This site is optimized with the Yoast SEO plugin v27.5 - https:\/\/yoast.com\/product\/yoast-seo-wordpress\/ -->\n<title>Politica de privacidad Silvia Arias<\/title>\n<meta name=\"description\" content=\"Apasionada de la gesti\u00f3n comercial y la formaci\u00f3n. Orientada a resultados. Siempre mostr\u00e9 compromiso y transparencia a pesar de los momentos dif\u00edciles en los negocios. Me gusta estar en constante aprendizaje y mejorar cada d\u00eda.\" \/>\n<meta name=\"robots\" content=\"noindex, follow\" \/>\n<meta name=\"twitter:label1\" content=\"Tiempo de lectura\" \/>\n\t<meta name=\"twitter:data1\" content=\"2 minutos\" \/>\n<script type=\"application\/ld+json\" class=\"yoast-schema-graph\">{\"@context\":\"https:\\\/\\\/schema.org\",\"@graph\":[{\"@type\":\"WebPage\",\"@id\":\"https:\\\/\\\/silviaarias.com\\\/index.php\\\/politica-de-privacidad\\\/\",\"url\":\"https:\\\/\\\/silviaarias.com\\\/index.php\\\/politica-de-privacidad\\\/\",\"name\":\"Politica de privacidad Silvia Arias\",\"isPartOf\":{\"@id\":\"https:\\\/\\\/silviaarias.com\\\/#website\"},\"datePublished\":\"2018-12-09T17:40:40+00:00\",\"dateModified\":\"2023-09-10T20:04:50+00:00\",\"description\":\"Apasionada de la gesti\u00f3n comercial y la formaci\u00f3n. Orientada a resultados. Siempre mostr\u00e9 compromiso y transparencia a pesar de los momentos dif\u00edciles en los negocios. Me gusta estar en constante aprendizaje y mejorar cada d\u00eda.\",\"breadcrumb\":{\"@id\":\"https:\\\/\\\/silviaarias.com\\\/index.php\\\/politica-de-privacidad\\\/#breadcrumb\"},\"inLanguage\":\"es\",\"potentialAction\":[{\"@type\":\"ReadAction\",\"target\":[\"https:\\\/\\\/silviaarias.com\\\/index.php\\\/politica-de-privacidad\\\/\"]}]},{\"@type\":\"BreadcrumbList\",\"@id\":\"https:\\\/\\\/silviaarias.com\\\/index.php\\\/politica-de-privacidad\\\/#breadcrumb\",\"itemListElement\":[{\"@type\":\"ListItem\",\"position\":1,\"name\":\"Portada\",\"item\":\"https:\\\/\\\/silviaarias.com\\\/\"},{\"@type\":\"ListItem\",\"position\":2,\"name\":\"Pol\u00edtica de privacidad\"}]},{\"@type\":\"WebSite\",\"@id\":\"https:\\\/\\\/silviaarias.com\\\/#website\",\"url\":\"https:\\\/\\\/silviaarias.com\\\/\",\"name\":\"Silvia Arias\",\"description\":\"Curriculum Web\",\"publisher\":{\"@id\":\"https:\\\/\\\/silviaarias.com\\\/#\\\/schema\\\/person\\\/bce65b78c5fcd1e181fa4c402af799d1\"},\"potentialAction\":[{\"@type\":\"SearchAction\",\"target\":{\"@type\":\"EntryPoint\",\"urlTemplate\":\"https:\\\/\\\/silviaarias.com\\\/?s={search_term_string}\"},\"query-input\":{\"@type\":\"PropertyValueSpecification\",\"valueRequired\":true,\"valueName\":\"search_term_string\"}}],\"inLanguage\":\"es\"},{\"@type\":[\"Person\",\"Organization\"],\"@id\":\"https:\\\/\\\/silviaarias.com\\\/#\\\/schema\\\/person\\\/bce65b78c5fcd1e181fa4c402af799d1\",\"name\":\"silvia arias\",\"image\":{\"@type\":\"ImageObject\",\"inLanguage\":\"es\",\"@id\":\"https:\\\/\\\/silviaarias.com\\\/wp-content\\\/uploads\\\/2021\\\/04\\\/12118667_995539973837379_8132370255232280211_n.jpg\",\"url\":\"https:\\\/\\\/silviaarias.com\\\/wp-content\\\/uploads\\\/2021\\\/04\\\/12118667_995539973837379_8132370255232280211_n.jpg\",\"contentUrl\":\"https:\\\/\\\/silviaarias.com\\\/wp-content\\\/uploads\\\/2021\\\/04\\\/12118667_995539973837379_8132370255232280211_n.jpg\",\"width\":960,\"height\":551,\"caption\":\"silvia arias\"},\"logo\":{\"@id\":\"https:\\\/\\\/silviaarias.com\\\/wp-content\\\/uploads\\\/2021\\\/04\\\/12118667_995539973837379_8132370255232280211_n.jpg\"},\"sameAs\":[\"https:\\\/\\\/silviaarias.com\\\/\",\"https:\\\/\\\/www.linkedin.com\\\/in\\\/silviarias\\\/\"]}]}<\/script>\n<!-- \/ Yoast SEO plugin. -->","yoast_head_json":{"title":"Politica de privacidad Silvia Arias","description":"Apasionada de la gesti\u00f3n comercial y la formaci\u00f3n. Orientada a resultados. Siempre mostr\u00e9 compromiso y transparencia a pesar de los momentos dif\u00edciles en los negocios. Me gusta estar en constante aprendizaje y mejorar cada d\u00eda.","robots":{"index":"noindex","follow":"follow"},"twitter_misc":{"Tiempo de lectura":"2 minutos"},"schema":{"@context":"https:\/\/schema.org","@graph":[{"@type":"WebPage","@id":"https:\/\/silviaarias.com\/index.php\/politica-de-privacidad\/","url":"https:\/\/silviaarias.com\/index.php\/politica-de-privacidad\/","name":"Politica de privacidad Silvia Arias","isPartOf":{"@id":"https:\/\/silviaarias.com\/#website"},"datePublished":"2018-12-09T17:40:40+00:00","dateModified":"2023-09-10T20:04:50+00:00","description":"Apasionada de la gesti\u00f3n comercial y la formaci\u00f3n. Orientada a resultados. Siempre mostr\u00e9 compromiso y transparencia a pesar de los momentos dif\u00edciles en los negocios. Me gusta estar en constante aprendizaje y mejorar cada d\u00eda.","breadcrumb":{"@id":"https:\/\/silviaarias.com\/index.php\/politica-de-privacidad\/#breadcrumb"},"inLanguage":"es","potentialAction":[{"@type":"ReadAction","target":["https:\/\/silviaarias.com\/index.php\/politica-de-privacidad\/"]}]},{"@type":"BreadcrumbList","@id":"https:\/\/silviaarias.com\/index.php\/politica-de-privacidad\/#breadcrumb","itemListElement":[{"@type":"ListItem","position":1,"name":"Portada","item":"https:\/\/silviaarias.com\/"},{"@type":"ListItem","position":2,"name":"Pol\u00edtica de privacidad"}]},{"@type":"WebSite","@id":"https:\/\/silviaarias.com\/#website","url":"https:\/\/silviaarias.com\/","name":"Silvia Arias","description":"Curriculum Web","publisher":{"@id":"https:\/\/silviaarias.com\/#\/schema\/person\/bce65b78c5fcd1e181fa4c402af799d1"},"potentialAction":[{"@type":"SearchAction","target":{"@type":"EntryPoint","urlTemplate":"https:\/\/silviaarias.com\/?s={search_term_string}"},"query-input":{"@type":"PropertyValueSpecification","valueRequired":true,"valueName":"search_term_string"}}],"inLanguage":"es"},{"@type":["Person","Organization"],"@id":"https:\/\/silviaarias.com\/#\/schema\/person\/bce65b78c5fcd1e181fa4c402af799d1","name":"silvia arias","image":{"@type":"ImageObject","inLanguage":"es","@id":"https:\/\/silviaarias.com\/wp-content\/uploads\/2021\/04\/12118667_995539973837379_8132370255232280211_n.jpg","url":"https:\/\/silviaarias.com\/wp-content\/uploads\/2021\/04\/12118667_995539973837379_8132370255232280211_n.jpg","contentUrl":"https:\/\/silviaarias.com\/wp-content\/uploads\/2021\/04\/12118667_995539973837379_8132370255232280211_n.jpg","width":960,"height":551,"caption":"silvia arias"},"logo":{"@id":"https:\/\/silviaarias.com\/wp-content\/uploads\/2021\/04\/12118667_995539973837379_8132370255232280211_n.jpg"},"sameAs":["https:\/\/silviaarias.com\/","https:\/\/www.linkedin.com\/in\/silviarias\/"]}]}},"_links":{"self":[{"href":"https:\/\/silviaarias.com\/index.php\/wp-json\/wp\/v2\/pages\/1847","targetHints":{"allow":["GET"]}}],"collection":[{"href":"https:\/\/silviaarias.com\/index.php\/wp-json\/wp\/v2\/pages"}],"about":[{"href":"https:\/\/silviaarias.com\/index.php\/wp-json\/wp\/v2\/types\/page"}],"author":[{"embeddable":true,"href":"https:\/\/silviaarias.com\/index.php\/wp-json\/wp\/v2\/users\/2"}],"replies":[{"embeddable":true,"href":"https:\/\/silviaarias.com\/index.php\/wp-json\/wp\/v2\/comments?post=1847"}],"version-history":[{"count":15,"href":"https:\/\/silviaarias.com\/index.php\/wp-json\/wp\/v2\/pages\/1847\/revisions"}],"predecessor-version":[{"id":4059,"href":"https:\/\/silviaarias.com\/index.php\/wp-json\/wp\/v2\/pages\/1847\/revisions\/4059"}],"wp:attachment":[{"href":"https:\/\/silviaarias.com\/index.php\/wp-json\/wp\/v2\/media?parent=1847"}],"curies":[{"name":"wp","href":"https:\/\/api.w.org\/{rel}","templated":true}]}}